{"id":44,"date":"2019-03-06T18:59:50","date_gmt":"2019-03-06T17:59:50","guid":{"rendered":"http:\/\/www.minimaniacalpin.fr\/version3\/?page_id=44"},"modified":"2021-05-16T16:31:07","modified_gmt":"2021-05-16T14:31:07","slug":"liens","status":"publish","type":"page","link":"https:\/\/www.minimaniacalpin.fr\/version3\/index.php\/liens\/","title":{"rendered":"Liens"},"content":{"rendered":"\n<p>Une s\u00e9lection de liens:<\/p>\n\n\n\n<h2 class=\"wp-block-heading\">Garages<\/h2>\n\n\n\n<ul class=\"wp-block-list\"><li><a rel=\"noreferrer noopener\" target=\"_blank\" href=\"http:\/\/www.auto-bmc.com\/\">Auto-BMC<\/a>  Le sp\u00e9cialiste Mini en Is\u00e8re.<\/li><li><a href=\"https:\/\/www.facebook.com\/Mini-Racing-88-106244408239041\" data-type=\"URL\" target=\"_blank\" rel=\"noreferrer noopener\">Mini Racing 88<\/a>  Un garage de passionn\u00e9s Mini dans les Vosges.<\/li><\/ul>\n\n\n\n<h2 class=\"wp-block-heading\">Shopping<\/h2>\n\n\n\n<ul class=\"wp-block-list\"><li><a rel=\"noreferrer noopener\" aria-label=\"Little Car Shop (s\u2019ouvre dans un nouvel onglet)\" href=\"https:\/\/www.thelittlecarshop.com\/\" target=\"_blank\">Little Car Shop<\/a>  Un magasin en ligne tr\u00e8s s\u00e9rieux.<\/li><li><a rel=\"noreferrer noopener\" target=\"_blank\" href=\"http:\/\/home.freeuk.net\/tdkracing\/\">TDK Racing<\/a>  \u00c9l\u00e9ments de carrosserie en fibre de verre ou carbone et pi\u00e8ces racing.<\/li><\/ul>\n\n\n\n<h2 class=\"wp-block-heading\">Technique<\/h2>\n\n\n\n<ul class=\"wp-block-list\"><li><a rel=\"noreferrer noopener\" target=\"_blank\" href=\"http:\/\/www.calverst.com\/\">Calver Special Tuning  <\/a>Le site du gourou de la Mini.<\/li><li><a rel=\"noreferrer noopener\" target=\"_blank\" href=\"http:\/\/miniman.pagesperso-orange.fr\/\">The Miniman<\/a>  Toute la m\u00e9canique de la Mini en image. Tr\u00e8s utile pour l&rsquo;entretien et les t\u00e2ches courantes.<\/li><\/ul>\n\n\n\n<h2 class=\"wp-block-heading\">Clubs<\/h2>\n\n\n\n<ul class=\"wp-block-list\"><li><a rel=\"noreferrer noopener\" target=\"_blank\" href=\"http:\/\/www.mini-club-romand.ch\/\">Mini Club Roman<\/a>  Le site de nos amis Suisses.<\/li><li><a href=\"http:\/\/miniacs-dulanguedoc.1fr1.net\/\">Les Miniac du Languedoc<\/a>   Le site de nos amis  du sud.<\/li><\/ul>\n\n\n\n<h2 class=\"wp-block-heading\">Blogs &amp; Forums<\/h2>\n\n\n\n<ul class=\"wp-block-list\"><li><a rel=\"noreferrer noopener\" target=\"_blank\" href=\"http:\/\/collectour.blog4ever.com\">Collectour<\/a>  Balades, d\u00e9couvertes et rendez-vous automobiles en r\u00e9gion Grenobloise et plus.<\/li><\/ul>\n\n\n\n<h2 class=\"wp-block-heading\">Boite de vitesse<\/h2>\n\n\n\n<ul class=\"wp-block-list\"><li><a rel=\"noreferrer noopener\" target=\"_blank\" href=\"http:\/\/www.guess-works.com\/Tech\/Rebuild\/\">Guess-Works<\/a>  Le sp\u00e9cialiste de la boite de vitesse des Mini. Des belles vid\u00e9os de remontage de boite de vitesse.<\/li><li> <a rel=\"noreferrer noopener\" target=\"_blank\" href=\"http:\/\/web.archive.org\/web\/20090313091955\/http:\/\/allumette5.rmc.fr\/395567\/refection-de-ma-boite-a-vitesse\/\">Le blog d&rsquo;Allumette<\/a>  Toutes les \u00e9tapes pour remonter la boite de vitesse et les explications du changement des rapports.<\/li><li><a rel=\"noreferrer noopener\" target=\"_blank\" href=\"http:\/\/new.minimania.com\/article\/2719\/Classic_Mini_Gearbox_Rebuild_-_Mini_Mania_Video\">Minimania, boite de vitesse<\/a>  Le remontage d&rsquo;une boite de vitesse tout en vid\u00e9o.<\/li><\/ul>\n\n\n\n<h2 class=\"wp-block-heading\">Restauration<\/h2>\n\n\n\n<ul class=\"wp-block-list\"><li><a rel=\"noreferrer noopener\" target=\"_blank\" href=\"http:\/\/www.hd19.net\/restauration\/mini_special_leau\/mini_special_leau_00\/mini_special_leau_episode00.html\">HD19 restaure une Mini<\/a>  Une restauration de toute beaut\u00e9 et surtout TRES d\u00e9taill\u00e9e. Un must !<\/li><\/ul>\n\n\n\n<h2 class=\"wp-block-heading\">Fournitures<\/h2>\n\n\n\n<ul class=\"wp-block-list\"><li><a rel=\"noreferrer noopener\" target=\"_blank\" href=\"http:\/\/www.visseriefixations.fr\/\">FIXNVIS<\/a>  Toute la visserie au d\u00e9tail<\/li><\/ul>\n\n\n\n<h2 class=\"wp-block-heading\">\u00c9lectricit\u00e9<\/h2>\n\n\n\n<ul class=\"wp-block-list\"><li><a rel=\"noreferrer noopener\" target=\"_blank\" href=\"http:\/\/stores.ebay.co.uk\/3-Way-Components\">3 Way Components<\/a>  Connecteur Econoseal des Mini SPI\/MPI<\/li><li><a rel=\"noreferrer noopener\" target=\"_blank\" href=\"http:\/\/www.autosparks.co.uk\/\">Auto Sparks<\/a>  Tout pour refaire un faisceau<\/li><\/ul>\n\n\n\n<h2 class=\"wp-block-heading\">Divers<\/h2>\n\n\n\n<ul class=\"wp-block-list\"><li><a rel=\"noreferrer noopener\" aria-label=\" (s\u2019ouvre dans un nouvel onglet)\" href=\"http:\/\/www.new-power.fr\/banc-de-puissance\" target=\"_blank\">New Power<\/a>  Banc de puissance moteur \u00e0 Chamb\u00e9ry<\/li><\/ul>\n","protected":false},"excerpt":{"rendered":"<p>Une s\u00e9lection de liens: Garages Auto-BMC Le sp\u00e9cialiste Mini en Is\u00e8re. Mini Racing 88 Un garage de passionn\u00e9s Mini dans les Vosges. Shopping Little Car Shop Un magasin en ligne tr\u00e8s s\u00e9rieux. TDK Racing \u00c9l\u00e9ments de carrosserie en fibre de verre ou carbone et pi\u00e8ces racing. Technique Calver Special Tuning Le site du gourou de la Mini. The Miniman Toute la m\u00e9canique de la Mini en image. Tr\u00e8s utile pour l&rsquo;entretien et les t\u00e2ches courantes. Clubs Mini Club Roman Le&#8230;<\/p>\n<p class=\"read-more\"><a class=\"btn btn-default\" href=\"https:\/\/www.minimaniacalpin.fr\/version3\/index.php\/liens\/\">Lire la suite<span class=\"screen-reader-text\"> Lire la suite<\/span><\/a><\/p>\n","protected":false},"author":1,"featured_media":0,"parent":0,"menu_order":0,"comment_status":"closed","ping_status":"closed","template":"","meta":{"footnotes":""},"class_list":["post-44","page","type-page","status-publish","hentry"],"_links":{"self":[{"href":"https:\/\/www.minimaniacalpin.fr\/version3\/index.php\/wp-json\/wp\/v2\/pages\/44","targetHints":{"allow":["GET"]}}],"collection":[{"href":"https:\/\/www.minimaniacalpin.fr\/version3\/index.php\/wp-json\/wp\/v2\/pages"}],"about":[{"href":"https:\/\/www.minimaniacalpin.fr\/version3\/index.php\/wp-json\/wp\/v2\/types\/page"}],"author":[{"embeddable":true,"href":"https:\/\/www.minimaniacalpin.fr\/version3\/index.php\/wp-json\/wp\/v2\/users\/1"}],"replies":[{"embeddable":true,"href":"https:\/\/www.minimaniacalpin.fr\/version3\/index.php\/wp-json\/wp\/v2\/comments?post=44"}],"version-history":[{"count":10,"href":"https:\/\/www.minimaniacalpin.fr\/version3\/index.php\/wp-json\/wp\/v2\/pages\/44\/revisions"}],"predecessor-version":[{"id":259,"href":"https:\/\/www.minimaniacalpin.fr\/version3\/index.php\/wp-json\/wp\/v2\/pages\/44\/revisions\/259"}],"wp:attachment":[{"href":"https:\/\/www.minimaniacalpin.fr\/version3\/index.php\/wp-json\/wp\/v2\/media?parent=44"}],"curies":[{"name":"wp","href":"https:\/\/api.w.org\/{rel}","templated":true}]}}