{"id":35,"date":"2019-03-06T18:13:53","date_gmt":"2019-03-06T17:13:53","guid":{"rendered":"http:\/\/www.minimaniacalpin.fr\/version3\/?page_id=35"},"modified":"2025-12-27T01:01:18","modified_gmt":"2025-12-27T00:01:18","slug":"le-club-comptes-rendus-reunions","status":"publish","type":"page","link":"https:\/\/www.minimaniacalpin.fr\/version3\/index.php\/le-club\/le-club-comptes-rendus-reunions\/","title":{"rendered":"Le Club &#8211; Comptes-rendus r\u00e9unions"},"content":{"rendered":"\n<p>Vous trouverez ci-dessous les comptes-rendus des r\u00e9unions ainsi que des diverses assembl\u00e9es g\u00e9n\u00e9rales qui se sont tenues. <\/p>\n\n\n\n<div class=\"wp-block-file\"><a id=\"wp-block-file--media-d26281a5-3f12-41d9-8372-383a3421a6d8\" href=\"https:\/\/www.minimaniacalpin.fr\/version3\/wp-content\/uploads\/2025\/12\/CompteRendu-AG_2024.pdf\">Assembl\u00e9e G\u00e9n\u00e9rale de septembre 2024<\/a><a href=\"https:\/\/www.minimaniacalpin.fr\/version3\/wp-content\/uploads\/2025\/12\/CompteRendu-AG_2024.pdf\" class=\"wp-block-file__button wp-element-button\" download aria-describedby=\"wp-block-file--media-d26281a5-3f12-41d9-8372-383a3421a6d8\">T\u00e9l\u00e9charger<\/a><\/div>\n\n\n\n<div class=\"wp-block-file\"><a id=\"wp-block-file--media-3f2071de-8651-4b01-90f4-0b740c74a6a9\" href=\"https:\/\/www.minimaniacalpin.fr\/version3\/wp-content\/uploads\/2023\/10\/CompteRendu-AG_2023-1.pdf\">Assembl\u00e9e G\u00e9n\u00e9rale de septembre 2023<\/a><a href=\"https:\/\/www.minimaniacalpin.fr\/version3\/wp-content\/uploads\/2023\/10\/CompteRendu-AG_2023-1.pdf\" class=\"wp-block-file__button wp-element-button\" download aria-describedby=\"wp-block-file--media-3f2071de-8651-4b01-90f4-0b740c74a6a9\">T\u00e9l\u00e9charger<\/a><\/div>\n\n\n\n<div class=\"wp-block-file\"><a id=\"wp-block-file--media-9112a9f8-c2e2-4a78-99ef-178273a125d9\" href=\"https:\/\/www.minimaniacalpin.fr\/version3\/wp-content\/uploads\/2023\/01\/CompteRendu-AG-2022.pdf\">Assembl\u00e9e G\u00e9n\u00e9rale de septembre 2022<\/a><a href=\"https:\/\/www.minimaniacalpin.fr\/version3\/wp-content\/uploads\/2023\/01\/CompteRendu-AG-2022.pdf\" class=\"wp-block-file__button wp-element-button\" download aria-describedby=\"wp-block-file--media-9112a9f8-c2e2-4a78-99ef-178273a125d9\">T\u00e9l\u00e9charger<\/a><\/div>\n\n\n\n<div class=\"wp-block-file\"><a id=\"wp-block-file--media-3add108e-f198-4515-9614-eed1ea587e3c\" href=\"https:\/\/www.minimaniacalpin.fr\/version3\/wp-content\/uploads\/2021\/06\/CompteRendu-AG-2021.pdf\">Assembl\u00e9e G\u00e9n\u00e9rale d&rsquo;avril 2021<\/a><a href=\"https:\/\/www.minimaniacalpin.fr\/version3\/wp-content\/uploads\/2021\/06\/CompteRendu-AG-2021.pdf\" class=\"wp-block-file__button wp-element-button\" download aria-describedby=\"wp-block-file--media-3add108e-f198-4515-9614-eed1ea587e3c\">T\u00e9l\u00e9charger<\/a><\/div>\n\n\n\n<div class=\"wp-block-file\"><a id=\"wp-block-file--media-9e4b95e7-2e85-4826-b0df-e3f413794e6c\" href=\"https:\/\/www.minimaniacalpin.fr\/version3\/wp-content\/uploads\/2021\/06\/CompteRendu-AG-2020.pdf\">Assembl\u00e9e G\u00e9n\u00e9rale de juin 2020<\/a><a href=\"https:\/\/www.minimaniacalpin.fr\/version3\/wp-content\/uploads\/2021\/06\/CompteRendu-AG-2020.pdf\" class=\"wp-block-file__button wp-element-button\" download aria-describedby=\"wp-block-file--media-9e4b95e7-2e85-4826-b0df-e3f413794e6c\">T\u00e9l\u00e9charger<\/a><\/div>\n\n\n\n<div class=\"wp-block-file\"><a id=\"wp-block-file--media-900e93a6-0285-4568-9caf-210d2929e482\" href=\"https:\/\/www.minimaniacalpin.fr\/version3\/wp-content\/uploads\/2019\/04\/CompteRendu-AG-2019.pdf\">Assembl\u00e9e G\u00e9n\u00e9rale de mars 2019<\/a><a href=\"https:\/\/www.minimaniacalpin.fr\/version3\/wp-content\/uploads\/2019\/04\/CompteRendu-AG-2019.pdf\" class=\"wp-block-file__button wp-element-button\" download aria-describedby=\"wp-block-file--media-900e93a6-0285-4568-9caf-210d2929e482\">T\u00e9l\u00e9charger<\/a><\/div>\n\n\n\n<div class=\"wp-block-file\"><a id=\"wp-block-file--media-926d9cf7-a5e5-43c5-a1ae-e1dd5e734aa9\" href=\"https:\/\/www.minimaniacalpin.fr\/version3\/wp-content\/uploads\/2019\/04\/CompteRendu-AG-2018.pdf\">Assembl\u00e9e G\u00e9n\u00e9rale de f\u00e9vrier 2018<\/a><a href=\"https:\/\/www.minimaniacalpin.fr\/version3\/wp-content\/uploads\/2019\/04\/CompteRendu-AG-2018.pdf\" class=\"wp-block-file__button wp-element-button\" download aria-describedby=\"wp-block-file--media-926d9cf7-a5e5-43c5-a1ae-e1dd5e734aa9\">T\u00e9l\u00e9charger<\/a><\/div>\n\n\n\n<div class=\"wp-block-file\"><a id=\"wp-block-file--media-a47795c3-6928-48c2-b71d-ec4c87f3e48b\" href=\"https:\/\/www.minimaniacalpin.fr\/version3\/wp-content\/uploads\/2019\/04\/CompteRendu-AG_2017.pdf\">Assembl\u00e9e G\u00e9n\u00e9rale de mars 2017<\/a><a href=\"https:\/\/www.minimaniacalpin.fr\/version3\/wp-content\/uploads\/2019\/04\/CompteRendu-AG_2017.pdf\" class=\"wp-block-file__button wp-element-button\" download aria-describedby=\"wp-block-file--media-a47795c3-6928-48c2-b71d-ec4c87f3e48b\">T\u00e9l\u00e9charger<\/a><\/div>\n\n\n\n<div class=\"wp-block-file\"><a id=\"wp-block-file--media-3cc3c599-3cf3-4d02-bd10-fd652fc429a8\" href=\"https:\/\/www.minimaniacalpin.fr\/version3\/wp-content\/uploads\/2019\/04\/CompteRendu-AG-2016.pdf\">Assembl\u00e9e G\u00e9n\u00e9rale de f\u00e9vrier 2016<\/a><a href=\"https:\/\/www.minimaniacalpin.fr\/version3\/wp-content\/uploads\/2019\/04\/CompteRendu-AG-2016.pdf\" class=\"wp-block-file__button wp-element-button\" download aria-describedby=\"wp-block-file--media-3cc3c599-3cf3-4d02-bd10-fd652fc429a8\">T\u00e9l\u00e9charger<\/a><\/div>\n\n\n\n<p><\/p>\n","protected":false},"excerpt":{"rendered":"<p>Vous trouverez ci-dessous les comptes-rendus des r\u00e9unions ainsi que des diverses assembl\u00e9es g\u00e9n\u00e9rales qui se sont tenues. Assembl\u00e9e G\u00e9n\u00e9rale de septembre 2022T\u00e9l\u00e9charger<\/p>\n","protected":false},"author":1,"featured_media":0,"parent":19,"menu_order":2,"comment_status":"closed","ping_status":"closed","template":"","meta":{"footnotes":""},"class_list":["post-35","page","type-page","status-publish","hentry"],"_links":{"self":[{"href":"https:\/\/www.minimaniacalpin.fr\/version3\/index.php\/wp-json\/wp\/v2\/pages\/35","targetHints":{"allow":["GET"]}}],"collection":[{"href":"https:\/\/www.minimaniacalpin.fr\/version3\/index.php\/wp-json\/wp\/v2\/pages"}],"about":[{"href":"https:\/\/www.minimaniacalpin.fr\/version3\/index.php\/wp-json\/wp\/v2\/types\/page"}],"author":[{"embeddable":true,"href":"https:\/\/www.minimaniacalpin.fr\/version3\/index.php\/wp-json\/wp\/v2\/users\/1"}],"replies":[{"embeddable":true,"href":"https:\/\/www.minimaniacalpin.fr\/version3\/index.php\/wp-json\/wp\/v2\/comments?post=35"}],"version-history":[{"count":16,"href":"https:\/\/www.minimaniacalpin.fr\/version3\/index.php\/wp-json\/wp\/v2\/pages\/35\/revisions"}],"predecessor-version":[{"id":667,"href":"https:\/\/www.minimaniacalpin.fr\/version3\/index.php\/wp-json\/wp\/v2\/pages\/35\/revisions\/667"}],"up":[{"embeddable":true,"href":"https:\/\/www.minimaniacalpin.fr\/version3\/index.php\/wp-json\/wp\/v2\/pages\/19"}],"wp:attachment":[{"href":"https:\/\/www.minimaniacalpin.fr\/version3\/index.php\/wp-json\/wp\/v2\/media?parent=35"}],"curies":[{"name":"wp","href":"https:\/\/api.w.org\/{rel}","templated":true}]}}