{"id":32,"date":"2019-03-05T12:00:24","date_gmt":"2019-03-05T11:00:24","guid":{"rendered":"http:\/\/www.minimaniacalpin.fr\/version3\/?page_id=32"},"modified":"2025-12-27T11:03:42","modified_gmt":"2025-12-27T10:03:42","slug":"le-club-adhesion","status":"publish","type":"page","link":"https:\/\/www.minimaniacalpin.fr\/version3\/index.php\/le-club\/le-club-adhesion\/","title":{"rendered":"Le Club &#8211; Adh\u00e9sion"},"content":{"rendered":"\n<p>Vous avez une Austin, une Morris, une Mini ou une de ses d\u00e9riv\u00e9es?  Vous souhaitez faire un bout de route avec d&rsquo;autres passionn\u00e9s?  Vous trouverez ici le document n\u00e9cessaire pour devenir membre du club.<\/p>\n\n\n\n<p>Demande d&rsquo;adh\u00e9sion au Mini Maniac Alpin pour l&rsquo;ann\u00e9e 2025-2026 (septembre \u00e0 aout):<\/p>\n\n\n\n<p class=\"has-text-align-center\"><iframe id=\"haWidget\" allowtransparency=\"true\" src=\"https:\/\/www.helloasso.com\/associations\/minimaniacalpin\/adhesions\/adhesion-2025-2026\/widget-vignette\" style=\"width: 350px; height: 450px; border: none;\"><\/iframe><\/p>\n","protected":false},"excerpt":{"rendered":"<p>Vous avez une Austin, une Morris, une Mini ou une de ses d\u00e9riv\u00e9es? Vous souhaitez faire un bout de route avec d&rsquo;autres passionn\u00e9s? Vous trouverez ici le document n\u00e9cessaire pour devenir membre du club. Demande d&rsquo;adh\u00e9sion au Mini Maniac Alpin pour l&rsquo;ann\u00e9e 2025-2026 (septembre \u00e0 aout):<\/p>\n","protected":false},"author":1,"featured_media":0,"parent":19,"menu_order":1,"comment_status":"closed","ping_status":"closed","template":"","meta":{"footnotes":""},"class_list":["post-32","page","type-page","status-publish","hentry"],"_links":{"self":[{"href":"https:\/\/www.minimaniacalpin.fr\/version3\/index.php\/wp-json\/wp\/v2\/pages\/32","targetHints":{"allow":["GET"]}}],"collection":[{"href":"https:\/\/www.minimaniacalpin.fr\/version3\/index.php\/wp-json\/wp\/v2\/pages"}],"about":[{"href":"https:\/\/www.minimaniacalpin.fr\/version3\/index.php\/wp-json\/wp\/v2\/types\/page"}],"author":[{"embeddable":true,"href":"https:\/\/www.minimaniacalpin.fr\/version3\/index.php\/wp-json\/wp\/v2\/users\/1"}],"replies":[{"embeddable":true,"href":"https:\/\/www.minimaniacalpin.fr\/version3\/index.php\/wp-json\/wp\/v2\/comments?post=32"}],"version-history":[{"count":32,"href":"https:\/\/www.minimaniacalpin.fr\/version3\/index.php\/wp-json\/wp\/v2\/pages\/32\/revisions"}],"predecessor-version":[{"id":671,"href":"https:\/\/www.minimaniacalpin.fr\/version3\/index.php\/wp-json\/wp\/v2\/pages\/32\/revisions\/671"}],"up":[{"embeddable":true,"href":"https:\/\/www.minimaniacalpin.fr\/version3\/index.php\/wp-json\/wp\/v2\/pages\/19"}],"wp:attachment":[{"href":"https:\/\/www.minimaniacalpin.fr\/version3\/index.php\/wp-json\/wp\/v2\/media?parent=32"}],"curies":[{"name":"wp","href":"https:\/\/api.w.org\/{rel}","templated":true}]}}