{"id":296,"date":"2021-06-21T00:27:36","date_gmt":"2021-06-20T22:27:36","guid":{"rendered":"http:\/\/www.minimaniacalpin.fr\/version3\/?page_id=296"},"modified":"2022-06-21T23:35:37","modified_gmt":"2022-06-21T21:35:37","slug":"le-trophee-leyland","status":"publish","type":"page","link":"https:\/\/www.minimaniacalpin.fr\/version3\/index.php\/documents-darchives\/le-trophee-leyland\/","title":{"rendered":"Le Troph\u00e9e British Leyland"},"content":{"rendered":"\n<p>C&rsquo;est en juin 2021 que se sont d\u00e9roul\u00e9s les 60 ans de la Mini Cooper au circuit de la Ch\u00e2tre, durant la manifestation Auto Retro Sport. <\/p>\n\n\n\n<p>A l&rsquo;initiative de Claude Desgrange, ce sont de nombreux pilotes du troph\u00e9e British Leyland qui sont venus se pr\u00eater au jeu de l&rsquo;anecdote et qui ont pass\u00e9 du temps avec tous les fans de Mini afin de leur compter quelques faits de course.<\/p>\n\n\n\n<p>J&rsquo;ai pass\u00e9 des moments captivants \u00e0 \u00e9couter Daniel Guarato qui a couru sur une Innocenti 1300. Daniel a eu la riche id\u00e9e de confier une cam\u00e9ra super 8 \u00e0 sa compagne de l&rsquo;\u00e9poque afin qu&rsquo;elle filme les courses. Voici donc env. 2H de films in\u00e9dits du troph\u00e9e British Leyland 1974 et 1975 qui ont pu \u00eatre mis en ligne.<\/p>\n\n\n\n<p>Un grand merci \u00e0 toutes personnes qui ont contribu\u00e9 \u00e0 rendre ce document accessible.<\/p>\n\n\n\n<p class=\"has-text-align-right\">Philippe Paget<\/p>\n\n\n\n<figure class=\"wp-block-video\"><video controls src=\"http:\/\/www.minimaniacalpin.fr\/forum\/LeylandTrophy\/LeylandTrophy-1974-1975.mp4\"><\/video><\/figure>\n\n\n\n<p>T\u00e9l\u00e9charger la vid\u00e9o ici (taille env. 2GO):   <\/p>\n\n\n\n<p><a href=\"http:\/\/www.minimaniacalpin.fr\/forum\/LeylandTrophy\/LeylandTrophy-1974-1975.mp4\">http:\/\/www.minimaniacalpin.fr\/forum\/LeylandTrophy\/LeylandTrophy-1974-1975.mp4<\/a><\/p>\n","protected":false},"excerpt":{"rendered":"<p>C&rsquo;est en juin 2021 que se sont d\u00e9roul\u00e9s les 60 ans de la Mini Cooper au circuit de la Ch\u00e2tre, durant la manifestation Auto Retro Sport. A l&rsquo;initiative de Claude Desgrange, ce sont de nombreux pilotes du troph\u00e9e British Leyland qui sont venus se pr\u00eater au jeu de l&rsquo;anecdote et qui ont pass\u00e9 du temps avec tous les fans de Mini afin de leur compter quelques faits de course. J&rsquo;ai pass\u00e9 des moments captivants \u00e0 \u00e9couter Daniel Guarato qui a&#8230;<\/p>\n<p class=\"read-more\"><a class=\"btn btn-default\" href=\"https:\/\/www.minimaniacalpin.fr\/version3\/index.php\/documents-darchives\/le-trophee-leyland\/\">Lire la suite<span class=\"screen-reader-text\"> Lire la suite<\/span><\/a><\/p>\n","protected":false},"author":1,"featured_media":0,"parent":294,"menu_order":0,"comment_status":"closed","ping_status":"closed","template":"","meta":{"footnotes":""},"class_list":["post-296","page","type-page","status-publish","hentry"],"_links":{"self":[{"href":"https:\/\/www.minimaniacalpin.fr\/version3\/index.php\/wp-json\/wp\/v2\/pages\/296","targetHints":{"allow":["GET"]}}],"collection":[{"href":"https:\/\/www.minimaniacalpin.fr\/version3\/index.php\/wp-json\/wp\/v2\/pages"}],"about":[{"href":"https:\/\/www.minimaniacalpin.fr\/version3\/index.php\/wp-json\/wp\/v2\/types\/page"}],"author":[{"embeddable":true,"href":"https:\/\/www.minimaniacalpin.fr\/version3\/index.php\/wp-json\/wp\/v2\/users\/1"}],"replies":[{"embeddable":true,"href":"https:\/\/www.minimaniacalpin.fr\/version3\/index.php\/wp-json\/wp\/v2\/comments?post=296"}],"version-history":[{"count":5,"href":"https:\/\/www.minimaniacalpin.fr\/version3\/index.php\/wp-json\/wp\/v2\/pages\/296\/revisions"}],"predecessor-version":[{"id":419,"href":"https:\/\/www.minimaniacalpin.fr\/version3\/index.php\/wp-json\/wp\/v2\/pages\/296\/revisions\/419"}],"up":[{"embeddable":true,"href":"https:\/\/www.minimaniacalpin.fr\/version3\/index.php\/wp-json\/wp\/v2\/pages\/294"}],"wp:attachment":[{"href":"https:\/\/www.minimaniacalpin.fr\/version3\/index.php\/wp-json\/wp\/v2\/media?parent=296"}],"curies":[{"name":"wp","href":"https:\/\/api.w.org\/{rel}","templated":true}]}}