{"id":228,"date":"2020-07-05T00:49:31","date_gmt":"2020-07-04T22:49:31","guid":{"rendered":"http:\/\/www.minimaniacalpin.fr\/version3\/?page_id=228"},"modified":"2026-03-26T21:58:00","modified_gmt":"2026-03-26T20:58:00","slug":"calendrier-2026","status":"publish","type":"page","link":"https:\/\/www.minimaniacalpin.fr\/version3\/index.php\/calendrier-2026\/","title":{"rendered":"Calendrier 2026"},"content":{"rendered":"\n<ul class=\"wp-block-list\">\n<li>01 mars : r\u00e9union de rentr\u00e9e (Guillaume &amp; Rachel)<\/li>\n\n\n\n<li>06 mars : r\u00e9union de rentr\u00e9e en visio (Phil)<\/li>\n\n\n\n<li>28-29 mars : 42e rassemblement de v\u00e9hicules anciens, le Bourget du Lac (Greg)<\/li>\n\n\n\n<li>25 avril : Journ\u00e9e m\u00e9canique (Paul &amp; Lisa)<\/li>\n\n\n\n<li>26 avril : La ronde Historique du Tri\u00e8ves (Cyril)<\/li>\n\n\n\n<li>10 mai : Balade Abondance (Ambroise)<\/li>\n\n\n\n<li>24 mai : La m\u00e9canique en f\u00eate, Aix les Bains (Greg)<\/li>\n\n\n\n<li>25 mai : Le tour du Taillefer (Philippe &amp; Catherine)<\/li>\n\n\n\n<li>28 main &#8211; 1 juin : IMM en Pologne<\/li>\n\n\n\n<li>4-7 juin : GPAO, Dijon (Ambroise &amp; Phil)<\/li>\n\n\n\n<li>21 juin : Balade dans le Vercors (Paul)<\/li>\n\n\n\n<li>28 juin : Sur les routes du Monte Carlo (Jean-Charles)<\/li>\n\n\n\n<li>19-24 aout : Mini Beer &amp; Bretzel, Alsace (Lo\u00efc)<\/li>\n\n\n\n<li>23 aout : Retromobile, Praz sur Arly (Yves)<\/li>\n\n\n\n<li>4 septembre : Assembl\u00e9e G\u00e9n\u00e9rale<\/li>\n\n\n\n<li>6 septembre : Rassemblement v\u00e9hicules anciens, Gr\u00e9sy sur Is\u00e8re (Greg)<\/li>\n\n\n\n<li>13 septembre : La route de l&rsquo;Opinel, Maurienne (Lo\u00efc)<\/li>\n\n\n\n<li>18-20 septembre : Aix Auto L\u00e9gende (Greg)<\/li>\n\n\n\n<li>27 septembre : Balade en Savoie (Beno\u00eet)<\/li>\n\n\n\n<li>3-4 octobre : British Car Meeting, Suisse (Paka)<\/li>\n\n\n\n<li>18 octobre : La Clusaz, les Aravis (Greg)<\/li>\n\n\n\n<li>6-8 novembre : Epoq&rsquo;auto, Lyon<\/li>\n\n\n\n<li>5-6 d\u00e9cembre : Chamb\u00e9ry Auto R\u00e9tro (Romain)<\/li>\n<\/ul>\n\n\n\n<h2 class=\"wp-block-heading\">Calendrier 2025<\/h2>\n\n\n\n<ul class=\"wp-block-list\">\n<li>21 mars : r\u00e9union de rentr\u00e9e<\/li>\n\n\n\n<li>29-30 mars : 41e rassemblement de v\u00e9hicules anciens, le Bourget du Lac, organis\u00e9 par Greg<\/li>\n\n\n\n<li>5 avril : R\u00e9fection boite de vitesse, chez Paul &amp; Lisa<\/li>\n\n\n\n<li><s>6 avril : Challes Patrimoine M\u00e9canique, Challes les Eaux, organis\u00e9 par Phil<\/s><\/li>\n\n\n\n<li>20 avril : Rassemblement vintage, Boug\u00e8 Chambalud, organis\u00e9 par Jean-Charles<\/li>\n\n\n\n<li>27 avril : La ronde Historique du Tri\u00e8ves, organis\u00e9e par Cyril<\/li>\n\n\n\n<li>3 mai : Journ\u00e9e m\u00e9canique, organis\u00e9e par Paul &amp; Lisa<\/li>\n\n\n\n<li>24 mai : Balade dans le Vercors, organis\u00e9e par Paul<\/li>\n\n\n\n<li>1 juin : La m\u00e9canique en f\u00eate, Aix-les-Bains, organis\u00e9 par Greg<\/li>\n\n\n\n<li><s>5-9 juin : Mini Beer &amp; Bretzel, organisation collective<\/s><\/li>\n\n\n\n<li>6-8 juin : GPAO Dijon, organis\u00e9 par Ambroise &amp; Phil<\/li>\n\n\n\n<li>22 juin : Le Tri\u00e8ves &#8211; les Baronnies, organis\u00e9 par Philippe &amp; Catherine<\/li>\n\n\n\n<li>20 juillet : Les grands cols, organis\u00e9 par Romain<\/li>\n\n\n\n<li>21-25 aout : IMM Angleterre, organisation collective<\/li>\n\n\n\n<li>24 aout : Retromobile, Praz sur Arly, organis\u00e9 par Yves<\/li>\n\n\n\n<li><s>30 aout : La route de l&rsquo;Opinel, Maurienne, organis\u00e9 par Lo\u00efc<\/s> D\u00e9calage,date d\u00e9cid\u00e9e durant l&rsquo;AG<\/li>\n\n\n\n<li><s>5 septembre : AG, organis\u00e9e par le bureau<\/s> D\u00e9calage au 26 septembre<\/li>\n\n\n\n<li>19-21 septembre : Aix Auto L\u00e9gende, organis\u00e9 par Greg<\/li>\n\n\n\n<li>26 septembre : AG, organis\u00e9e par le bureau<\/li>\n\n\n\n<li>4-5 octobre : British Car Meeting, Saint-Prex &#8211; Suisse, organis\u00e9 par Paka<\/li>\n\n\n\n<li>26 octobre : Balade en souvenir de Kiki et Maurice &#8211; Mini Racing Chamb\u00e9rien, organis\u00e9e par Romain<\/li>\n\n\n\n<li>7-9 novembre : Epoq\u2019Auto, Lyon, organisation collective<\/li>\n\n\n\n<li>5-7 d\u00e9cembre : Chamb\u00e9ry Auto R\u00e9tro, organisation Romain<\/li>\n<\/ul>\n\n\n\n<h2 class=\"wp-block-heading\">Calendrier 2024<\/h2>\n\n\n\n<ul class=\"wp-block-list\">\n<li>15 mars : r\u00e9union de rentr\u00e9e<\/li>\n\n\n\n<li>22-24 mars : Auto Moto Festiv\u2019Alpes, Alpexpo Grenoble, organis\u00e9 par Phil<\/li>\n\n\n\n<li>23-24 mars : 40e rassemblement de v\u00e9hicules anciens, le Bourget du Lac, organis\u00e9 par Greg<\/li>\n\n\n\n<li>6 avril : Journ\u00e9e m\u00e9canique, organis\u00e9e par Paul &amp; Lisa<\/li>\n\n\n\n<li>21 avril : La ronde Historique du Tri\u00e8ves, organis\u00e9e par Romain<\/li>\n\n\n\n<li>28 avril : Balade en Chartreuse, organis\u00e9e par Paul<\/li>\n\n\n\n<li><s>5 mai : Balade sur l&rsquo;Alpes d&rsquo;Huez, organis\u00e9e par Greg<\/s> Annulation pour cause de m\u00e9t\u00e9o<\/li>\n\n\n\n<li>19 mai : Balade Tour Auto \/ Monte Carlo Historique, organis\u00e9e par Jean-Charles<\/li>\n\n\n\n<li>26 mai : participation \u00e0 La m\u00e9canique en f\u00eate, Aix-les-Bains, organis\u00e9e par Greg<\/li>\n\n\n\n<li>30 mai &#8211; 3 juin : International Mini Meeting, Allemagne, organis\u00e9 par Phil<\/li>\n\n\n\n<li>7-9 juin : Grand Prix de l&rsquo;Age d&rsquo;Or, circuit de Dijon Prenois, organis\u00e9 par Ambroise &amp; Phil<\/li>\n\n\n\n<li><s>21-23 juin : La Mini de Mariem &amp; R\u00e9gis, Nice et la Route des Grandes Alpes, orga R\u00e9gis \/ Mariem<\/s> Report en juillet \u00e0 l&rsquo;\u00e9tude<\/li>\n\n\n\n<li>21 juillet : Les Grands Cols, organis\u00e9 par Romain<\/li>\n\n\n\n<li>4 aout : Balade Touristique Saint Firmin en Valgolmar, organis\u00e9 par Nicolas<\/li>\n\n\n\n<li>18 aout : Retromobile, Praz sur Arly, organis\u00e9 par Yves<\/li>\n\n\n\n<li>7 septembre : Balade en hommage \u00e0 Kiki + AG, organis\u00e9e par Phil<\/li>\n\n\n\n<li>15 septembre : Balade dans le Tri\u00e8ves, organis\u00e9e par Nicolas<\/li>\n\n\n\n<li>20-22 septembre : Aix Auto L\u00e9gende, organis\u00e9 par Greg<\/li>\n\n\n\n<li>23 septembre : Rallye Mini to Monte, Aix les Bains, organis\u00e9 par Benjamin + Phil<\/li>\n\n\n\n<li>29 septembre : Balade en Chartreuse, organis\u00e9e par Micha\u00ebl<\/li>\n\n\n\n<li>5-6 octobre : British Car Meeting, Suisse, organis\u00e9 par Paka<\/li>\n\n\n\n<li>13 octobre : Balade en Savoie, organis\u00e9e par Beno\u00eet<\/li>\n\n\n\n<li>8-10 novembre : Epoq&rsquo;Auto, Lyon<\/li>\n\n\n\n<li>6-8 d\u00e9cembre : Chamb\u00e9ry Auto R\u00e9tro, organis\u00e9 par Romain + volontaires<\/li>\n<\/ul>\n\n\n\n<h2 class=\"wp-block-heading\">Calendrier 2023<\/h2>\n\n\n\n<ul class=\"wp-block-list\">\n<li>24 f\u00e9vrier&nbsp;: r\u00e9union de rentr\u00e9e<\/li>\n\n\n\n<li>16 avril&nbsp;: Sortie de rentr\u00e9e, zone en fct de la neige, organis\u00e9e par Paul &amp; Lisa<\/li>\n\n\n\n<li>23 avril&nbsp;: La Ronde Historique du Tri\u00e8ves, organis\u00e9e par Romain<\/li>\n\n\n\n<li><s>Samedi 6 mai&nbsp;: journ\u00e9e m\u00e9canique, organis\u00e9e par Paul &amp; Lisa<\/s> !!! D\u00e9calage au 10-11 juin !!!<\/li>\n\n\n\n<li>Samedi 13 mai&nbsp;: Univers Motos Autos, Fort de Barraux, organis\u00e9 par Phil<\/li>\n\n\n\n<li>20 mai&nbsp;: Balade + comm\u00e9morial de la reine Victoria \u00e0 Aix les Bains, organis\u00e9 par Greg<\/li>\n\n\n\n<li>24 mai au 31 mai&nbsp;: IMM en Italie, organisation collective<\/li>\n\n\n\n<li>2-4 juin&nbsp;: GPAO, circuit de Dijon Prenois, organis\u00e9 par Ambroise &amp; Phil<\/li>\n\n\n\n<li><s>10-11 juin&nbsp;: Auto R\u00e9tro Sport, la Ch\u00e2tre (sortie en pr\u00e9vision)<\/s><\/li>\n\n\n\n<li>10-11 juin&nbsp;: journ\u00e9e m\u00e9canique, organis\u00e9e par Paul &amp; Lisa<\/li>\n\n\n\n<li>25 juin&nbsp;: circuit \u00a0\u00bbgrands lacs\u00a0\u00bb, organis\u00e9 par Greg<\/li>\n\n\n\n<li>23 juillet&nbsp;: sortie Col de la Madeleine \/ Tarentaise organis\u00e9e par Romain + Peter<\/li>\n\n\n\n<li>1 septembre&nbsp;: Assembl\u00e9e G\u00e9n\u00e9rale, Aiguebelette, organisation par J\u00e9r\u00f4me + bureau<\/li>\n\n\n\n<li>9-10 Septembre&nbsp;: le tour du Mont-Blanc, organis\u00e9 par Greg<\/li>\n\n\n\n<li>16 septembre : soir\u00e9e cin\u00e9ma \u00ab\u00a0Drive-in\u00a0\u00bb en Mini, organis\u00e9e par R\u00e9gis<\/li>\n\n\n\n<li>24 Septembre&nbsp;: balade dans la Vercors, organis\u00e9e par Micha\u00ebl<\/li>\n\n\n\n<li><s>7-8 octobre&nbsp;: Swiss Classic British Car Meeting, Morges, organis\u00e9 par Paka<\/s><\/li>\n\n\n\n<li>8 octobre : Balade en hommage \u00e0 Maurice, Chamb\u00e9ry, organis\u00e9 par le Mini Racing Chamb\u00e9rien<\/li>\n\n\n\n<li>22 Octobre&nbsp;: balade dans une zone \u00e0 d\u00e9finir, organis\u00e9e par Beno\u00eet<\/li>\n\n\n\n<li>10-12 novembre&nbsp;: Epoq\u2019Auto, Lyon<\/li>\n\n\n\n<li>1-2-3 d\u00e9cembre&nbsp;: Stand au salon Chamb\u00e9ry Auto R\u00e9tro, organisation par Romain<\/li>\n<\/ul>\n\n\n\n<h2 class=\"wp-block-heading\">Calendrier 2022<\/h2>\n\n\n\n<ul class=\"wp-block-list\">\n<li><s>Dimanche 3 avril, sortie dans le Bugey, organis\u00e9e par Kiki<\/s> <strong>ANNULATION \/ neige<\/strong><\/li>\n\n\n\n<li>Samedi 23 avril, sortie dans le Tri\u00e8ves, organis\u00e9e par Paul &amp; Lisa<\/li>\n\n\n\n<li>Dimanche 8 mai, sortie dans la Dr\u00f4me des colonnes, organis\u00e9e par Jean-Charles<\/li>\n\n\n\n<li><s>Du 25 mai au 1er juin, International Mini Meeting en Allemagne<\/s>  <strong>ANNULATION \/ COVID<\/strong><\/li>\n\n\n\n<li>Du 3 au 5 juin, Grand Prix de l\u2019Age d\u2019Or au circuit de Dijon Prenois, organis\u00e9 par Ambroise<\/li>\n\n\n\n<li>WE 11 et 12 juin, Auto Retro Sport au circuit de la Ch\u00e2tre, organis\u00e9 par Romain<\/li>\n\n\n\n<li>Samedi 25 juin, journ\u00e9e m\u00e9canique \/ BBQ pr\u00e8s de Coublevie, organis\u00e9e par Paul &amp; Lisa<\/li>\n\n\n\n<li><s>Du 22 au 24 juillet, sortie \u00e0 d\u00e9finir, organisation collective<\/s> <strong>MAJ:<\/strong><\/li>\n\n\n\n<li>Dimanche 24 juillet, le Beaufortain, organisation Romain<\/li>\n\n\n\n<li>Vendredi 2 septembre, Assembl\u00e9e G\u00e9n\u00e9rale, organisation J\u00e9r\u00f4me + bureau<\/li>\n\n\n\n<li><s>WE 17 et<\/s> 18 septembre, sortie dans la zone du lac d\u2019Aiguebelette, organis\u00e9e par Beno\u00eet<\/li>\n\n\n\n<li>Mercredi 21, passage du rallye Mini To the Alps \u00e0 Aix les Bains, participation de Benjamin<\/li>\n\n\n\n<li><s>Dimanche 25 septembre, sortie dans un lieu \u00e0 d\u00e9finir, organis\u00e9e par Greg<\/s> <strong>ANNULATION<\/strong><\/li>\n\n\n\n<li>WE 1 et 2 octobre, Swiss Classic British Car Metting + balade organis\u00e9e par Paka<\/li>\n\n\n\n<li>Du 4 au 6 novembre Epoqu\u2019Auto, visite collective<\/li>\n\n\n\n<li>Du 2 au 4 d\u00e9cembre, stand au salon Chamb\u00e9ry Auto R\u00e9tro, organisation collective<\/li>\n<\/ul>\n\n\n\n<p>Version PDF \u00e0 t\u00e9l\u00e9charger <a href=\"https:\/\/www.minimaniacalpin.fr\/version3\/wp-content\/uploads\/2022\/02\/Calendrier2022.pdf\">ICI<\/a>.<\/p>\n\n\n\n<h2 class=\"wp-block-heading\" id=\"calendrier-2021\">Calendrier 2021<\/h2>\n\n\n\n<p>La p\u00e9riode compliqu\u00e9e li\u00e9e \u00e0 la COVID-19 nous laisse pour le moment un peu de vision et nous a permis d&rsquo;\u00e9tablir ce calendrier:<\/p>\n\n\n\n<ul class=\"wp-block-list\">\n<li>30 mai: Balade d&rsquo;ouverture Balcons Belledonne, par Romain<\/li>\n\n\n\n<li>04-05-06 Juin: GPAO au circuit de Dijon Prenois, par Ambroise<\/li>\n\n\n\n<li>12 juin: Une journ\u00e9e m\u00e9canique \/ barbecue, par Paul &amp; Lisa<\/li>\n\n\n\n<li>12-13 juin: les 60 ans de la Cooper, circuit de la Ch\u00e2tre, par Romain<\/li>\n\n\n\n<li>27 juin: Balade Bauges \/ Lac Aix, par Greg<\/li>\n\n\n\n<li>01 aout: Balade col du Glandon, par Romain<\/li>\n\n\n\n<li>01-02 septembre: parc ferm\u00e9 du Tour Auto 2021<\/li>\n\n\n\n<li>03 septembre: R\u00e9union de rentr\u00e9e \/ calage des dates, par Phil<\/li>\n\n\n\n<li>19 septembre: Rallye Mini BIG LOVE 2021<\/li>\n\n\n\n<li><s>20 et 22 Septembre: Mini to the Alps sur Aix les Bains, par Benjamin<\/s> \u00c9preuve annul\u00e9e<\/li>\n\n\n\n<li>26 septembre: Balade dans la zone du Bugey, par Kiki &amp; V\u00e9ro<\/li>\n\n\n\n<li><s>02-03 Octobre: British Car Meeting \u00e0 Morges (Suisse), par Paka<\/s> Meeting annul\u00e9<\/li>\n\n\n\n<li>03 octobre (ou le dimanche 17 si mauvaise m\u00e9t\u00e9o): Balade dans la zone Is\u00e8re \/ Dr\u00f4me, par Jean-Charles<\/li>\n\n\n\n<li>10 octobre: Balade en hommage \u00e0 Maurice avec le Mini Racing Chamb\u00e9rien, en Savoie<\/li>\n\n\n\n<li>05-06-07 Novembre: Epoq&rsquo;auto, Lyon<\/li>\n\n\n\n<li>04-05 D\u00e9cembre: Chamb\u00e9ry Auto-Retro<\/li>\n<\/ul>\n","protected":false},"excerpt":{"rendered":"<p>Calendrier 2025 Calendrier 2024 Calendrier 2023 Calendrier 2022 Version PDF \u00e0 t\u00e9l\u00e9charger ICI. Calendrier 2021 La p\u00e9riode compliqu\u00e9e li\u00e9e \u00e0 la COVID-19 nous laisse pour le moment un peu de vision et nous a permis d&rsquo;\u00e9tablir ce calendrier:<\/p>\n","protected":false},"author":1,"featured_media":0,"parent":0,"menu_order":0,"comment_status":"closed","ping_status":"closed","template":"","meta":{"footnotes":""},"class_list":["post-228","page","type-page","status-publish","hentry"],"_links":{"self":[{"href":"https:\/\/www.minimaniacalpin.fr\/version3\/index.php\/wp-json\/wp\/v2\/pages\/228","targetHints":{"allow":["GET"]}}],"collection":[{"href":"https:\/\/www.minimaniacalpin.fr\/version3\/index.php\/wp-json\/wp\/v2\/pages"}],"about":[{"href":"https:\/\/www.minimaniacalpin.fr\/version3\/index.php\/wp-json\/wp\/v2\/types\/page"}],"author":[{"embeddable":true,"href":"https:\/\/www.minimaniacalpin.fr\/version3\/index.php\/wp-json\/wp\/v2\/users\/1"}],"replies":[{"embeddable":true,"href":"https:\/\/www.minimaniacalpin.fr\/version3\/index.php\/wp-json\/wp\/v2\/comments?post=228"}],"version-history":[{"count":44,"href":"https:\/\/www.minimaniacalpin.fr\/version3\/index.php\/wp-json\/wp\/v2\/pages\/228\/revisions"}],"predecessor-version":[{"id":684,"href":"https:\/\/www.minimaniacalpin.fr\/version3\/index.php\/wp-json\/wp\/v2\/pages\/228\/revisions\/684"}],"wp:attachment":[{"href":"https:\/\/www.minimaniacalpin.fr\/version3\/index.php\/wp-json\/wp\/v2\/media?parent=228"}],"curies":[{"name":"wp","href":"https:\/\/api.w.org\/{rel}","templated":true}]}}