{"id":22,"date":"2019-03-05T11:40:06","date_gmt":"2019-03-05T10:40:06","guid":{"rendered":"http:\/\/www.minimaniacalpin.fr\/version3\/?page_id=22"},"modified":"2025-12-26T19:26:34","modified_gmt":"2025-12-26T18:26:34","slug":"informations","status":"publish","type":"page","link":"https:\/\/www.minimaniacalpin.fr\/version3\/index.php\/le-club\/informations\/","title":{"rendered":"Le Club &#8211; Informations"},"content":{"rendered":"\n<p>Le Mini Maniac Alpin est une association \u00ab\u00a0loi 1901\u00a0\u00bb rassemblant les passionn\u00e9s d&rsquo;anciennes Mini et de ses d\u00e9riv\u00e9es. <\/p>\n\n\n\n<p>Le but de l&rsquo;association est d&rsquo;organiser des sorties afin de faire rouler nos autos dans de bonnes conditions, en proposant un encadrement ad\u00e9quat. Les sorties peuvent aller de la simple balade d&rsquo;une demi-journ\u00e9e, au voyage durant 3 semaines et traversant plusieurs pays. <\/p>\n\n\n\n<p>Les caprices de nos anciennes nous menant quelque fois la vie dure, l&rsquo;entraide entre tous les membres prend tout son sens au sein d&rsquo;un club. Ainsi, les plus aguerris peuvent mettre \u00e0 profit leurs connaissances pour initier les n\u00e9ophytes aux joies de la m\u00e9canique.<\/p>\n\n\n\n<p>Notre association comporte environ 30 membres et est \u00e9tendue sur les d\u00e9partements de l&rsquo;Is\u00e8re, la Savoie et la Haute Savoie. Sa petite taille permet aux personnes n&rsquo;ayant pas le r\u00e9flexe de se tourner vers les grosses structures de venir nous rencontrer sans crainte. Il n&rsquo;y a pas d&rsquo;obligation de participation ou d&rsquo;organisation, chacun contribue \u00e0 la vie de l&rsquo;association comme il le souhaite.<\/p>\n\n\n\n<p>L&rsquo;association dans sa forme actuelle existe depuis Mars 2000 mais elle a commenc\u00e9 bien avant et s\u2019appelait dans les ann\u00e9es 1990 \u00ab\u00a0Le Club des Toits Blancs\u00a0\u00bb.<\/p>\n\n\n\n<p><\/p>\n\n\n\n<p>Voici quelques photos prises au gr\u00e9 des diverses sorties:<\/p>\n\n\n\n<figure class=\"wp-block-image\"><a href=\"https:\/\/www.minimaniacalpin.fr\/version3\/wp-content\/uploads\/2019\/04\/P1070958.jpg\" target=\"_blank\" rel=\"noreferrer noopener\"><img loading=\"lazy\" decoding=\"async\" width=\"730\" height=\"548\" src=\"https:\/\/www.minimaniacalpin.fr\/version3\/wp-content\/uploads\/2019\/04\/P1070958.jpg\" alt=\"\" class=\"wp-image-104\" srcset=\"https:\/\/www.minimaniacalpin.fr\/version3\/wp-content\/uploads\/2019\/04\/P1070958.jpg 730w, https:\/\/www.minimaniacalpin.fr\/version3\/wp-content\/uploads\/2019\/04\/P1070958-300x225.jpg 300w, https:\/\/www.minimaniacalpin.fr\/version3\/wp-content\/uploads\/2019\/04\/P1070958-360x270.jpg 360w\" sizes=\"auto, (max-width: 730px) 100vw, 730px\" \/><\/a><figcaption class=\"wp-element-caption\">Mont\u00e9e du Galibier, parking du resto \u00ab\u00a0La Poutre\u00a0\u00bb, Savoie<\/figcaption><\/figure>\n\n\n\n<figure class=\"wp-block-image\"><a href=\"https:\/\/www.minimaniacalpin.fr\/version3\/wp-content\/uploads\/2019\/04\/file0078393.jpg\" target=\"_blank\" rel=\"noreferrer noopener\"><img loading=\"lazy\" decoding=\"async\" width=\"1024\" height=\"685\" src=\"https:\/\/www.minimaniacalpin.fr\/version3\/wp-content\/uploads\/2019\/04\/file0078393-1024x685.jpg\" alt=\"\" class=\"wp-image-86\" srcset=\"https:\/\/www.minimaniacalpin.fr\/version3\/wp-content\/uploads\/2019\/04\/file0078393-1024x685.jpg 1024w, https:\/\/www.minimaniacalpin.fr\/version3\/wp-content\/uploads\/2019\/04\/file0078393-300x201.jpg 300w, https:\/\/www.minimaniacalpin.fr\/version3\/wp-content\/uploads\/2019\/04\/file0078393-768x514.jpg 768w, https:\/\/www.minimaniacalpin.fr\/version3\/wp-content\/uploads\/2019\/04\/file0078393-403x270.jpg 403w\" sizes=\"auto, (max-width: 1024px) 100vw, 1024px\" \/><\/a><figcaption class=\"wp-element-caption\">Balade autour du L\u00e9man, Haute Savoie<\/figcaption><\/figure>\n\n\n\n<figure class=\"wp-block-image\"><a href=\"https:\/\/www.minimaniacalpin.fr\/version3\/wp-content\/uploads\/2019\/04\/file010014.jpg\" target=\"_blank\" rel=\"noreferrer noopener\"><img loading=\"lazy\" decoding=\"async\" width=\"1024\" height=\"691\" src=\"https:\/\/www.minimaniacalpin.fr\/version3\/wp-content\/uploads\/2019\/04\/file010014-1024x691.jpg\" alt=\"\" class=\"wp-image-85\" srcset=\"https:\/\/www.minimaniacalpin.fr\/version3\/wp-content\/uploads\/2019\/04\/file010014-1024x691.jpg 1024w, https:\/\/www.minimaniacalpin.fr\/version3\/wp-content\/uploads\/2019\/04\/file010014-300x202.jpg 300w, https:\/\/www.minimaniacalpin.fr\/version3\/wp-content\/uploads\/2019\/04\/file010014-768x518.jpg 768w, https:\/\/www.minimaniacalpin.fr\/version3\/wp-content\/uploads\/2019\/04\/file010014-400x270.jpg 400w\" sizes=\"auto, (max-width: 1024px) 100vw, 1024px\" \/><\/a><figcaption class=\"wp-element-caption\">Invitation des Miniac du Languedoc, Savoie<\/figcaption><\/figure>\n\n\n\n<figure class=\"wp-block-image\"><a href=\"https:\/\/www.minimaniacalpin.fr\/version3\/wp-content\/uploads\/2019\/04\/file0120413.jpg\" target=\"_blank\" rel=\"noreferrer noopener\"><img loading=\"lazy\" decoding=\"async\" width=\"1024\" height=\"689\" src=\"https:\/\/www.minimaniacalpin.fr\/version3\/wp-content\/uploads\/2019\/04\/file0120413-1024x689.jpg\" alt=\"\" class=\"wp-image-88\" srcset=\"https:\/\/www.minimaniacalpin.fr\/version3\/wp-content\/uploads\/2019\/04\/file0120413-1024x689.jpg 1024w, https:\/\/www.minimaniacalpin.fr\/version3\/wp-content\/uploads\/2019\/04\/file0120413-300x202.jpg 300w, https:\/\/www.minimaniacalpin.fr\/version3\/wp-content\/uploads\/2019\/04\/file0120413-768x517.jpg 768w, https:\/\/www.minimaniacalpin.fr\/version3\/wp-content\/uploads\/2019\/04\/file0120413-401x270.jpg 401w\" sizes=\"auto, (max-width: 1024px) 100vw, 1024px\" \/><\/a><figcaption class=\"wp-element-caption\">International Mini Meeting, Belgique<\/figcaption><\/figure>\n\n\n\n<figure class=\"wp-block-image\"><a href=\"https:\/\/www.minimaniacalpin.fr\/version3\/wp-content\/uploads\/2019\/04\/014.jpg\" target=\"_blank\" rel=\"noreferrer noopener\"><img loading=\"lazy\" decoding=\"async\" width=\"730\" height=\"527\" src=\"https:\/\/www.minimaniacalpin.fr\/version3\/wp-content\/uploads\/2019\/04\/014.jpg\" alt=\"\" class=\"wp-image-105\" srcset=\"https:\/\/www.minimaniacalpin.fr\/version3\/wp-content\/uploads\/2019\/04\/014.jpg 730w, https:\/\/www.minimaniacalpin.fr\/version3\/wp-content\/uploads\/2019\/04\/014-300x217.jpg 300w, https:\/\/www.minimaniacalpin.fr\/version3\/wp-content\/uploads\/2019\/04\/014-374x270.jpg 374w\" sizes=\"auto, (max-width: 730px) 100vw, 730px\" \/><\/a><figcaption class=\"wp-element-caption\">Balade du L\u00e9man, Haute Savoie<\/figcaption><\/figure>\n\n\n\n<figure class=\"wp-block-image\"><a href=\"https:\/\/www.minimaniacalpin.fr\/version3\/wp-content\/uploads\/2019\/04\/file0138032.jpg\" target=\"_blank\" rel=\"noreferrer noopener\"><img loading=\"lazy\" decoding=\"async\" width=\"1024\" height=\"683\" src=\"https:\/\/www.minimaniacalpin.fr\/version3\/wp-content\/uploads\/2019\/04\/file0138032-1024x683.jpg\" alt=\"\" class=\"wp-image-89\" srcset=\"https:\/\/www.minimaniacalpin.fr\/version3\/wp-content\/uploads\/2019\/04\/file0138032-1024x683.jpg 1024w, https:\/\/www.minimaniacalpin.fr\/version3\/wp-content\/uploads\/2019\/04\/file0138032-300x200.jpg 300w, https:\/\/www.minimaniacalpin.fr\/version3\/wp-content\/uploads\/2019\/04\/file0138032-768x513.jpg 768w, https:\/\/www.minimaniacalpin.fr\/version3\/wp-content\/uploads\/2019\/04\/file0138032-405x270.jpg 405w\" sizes=\"auto, (max-width: 1024px) 100vw, 1024px\" \/><\/a><figcaption class=\"wp-element-caption\">Visite chez Lazareth, Haute Savoie<\/figcaption><\/figure>\n\n\n\n<figure class=\"wp-block-image\"><a href=\"blob:http:\/\/www.minimaniacalpin.fr\/8fcf7e5e-dfc0-41cb-afd9-38c02703bcb4\" target=\"_blank\" rel=\"noreferrer noopener\"><img loading=\"lazy\" decoding=\"async\" width=\"1024\" height=\"679\" src=\"https:\/\/www.minimaniacalpin.fr\/version3\/wp-content\/uploads\/2019\/04\/file015217-1024x679.jpg\" alt=\"\" class=\"wp-image-90\" srcset=\"https:\/\/www.minimaniacalpin.fr\/version3\/wp-content\/uploads\/2019\/04\/file015217-1024x679.jpg 1024w, https:\/\/www.minimaniacalpin.fr\/version3\/wp-content\/uploads\/2019\/04\/file015217-300x199.jpg 300w, https:\/\/www.minimaniacalpin.fr\/version3\/wp-content\/uploads\/2019\/04\/file015217-768x509.jpg 768w, https:\/\/www.minimaniacalpin.fr\/version3\/wp-content\/uploads\/2019\/04\/file015217-407x270.jpg 407w\" sizes=\"auto, (max-width: 1024px) 100vw, 1024px\" \/><\/a><figcaption class=\"wp-element-caption\">Utah Beach, Manche<\/figcaption><\/figure>\n\n\n\n<figure class=\"wp-block-image\"><a href=\"blob:http:\/\/www.minimaniacalpin.fr\/15418e87-d09c-4d0a-878f-5c7c67bc940e\" target=\"_blank\" rel=\"noreferrer noopener\"><img loading=\"lazy\" decoding=\"async\" width=\"1024\" height=\"685\" src=\"https:\/\/www.minimaniacalpin.fr\/version3\/wp-content\/uploads\/2019\/04\/file030566-1024x685.jpg\" alt=\"\" class=\"wp-image-91\" srcset=\"https:\/\/www.minimaniacalpin.fr\/version3\/wp-content\/uploads\/2019\/04\/file030566-1024x685.jpg 1024w, https:\/\/www.minimaniacalpin.fr\/version3\/wp-content\/uploads\/2019\/04\/file030566-300x201.jpg 300w, https:\/\/www.minimaniacalpin.fr\/version3\/wp-content\/uploads\/2019\/04\/file030566-768x514.jpg 768w, https:\/\/www.minimaniacalpin.fr\/version3\/wp-content\/uploads\/2019\/04\/file030566-404x270.jpg 404w\" sizes=\"auto, (max-width: 1024px) 100vw, 1024px\" \/><\/a><figcaption class=\"wp-element-caption\">Le Beaufortain, Savoie<\/figcaption><\/figure>\n\n\n\n<figure class=\"wp-block-image\"><a href=\"blob:http:\/\/www.minimaniacalpin.fr\/5f4abcaa-bcdf-4313-a31c-81d08e2fa803\" target=\"_blank\" rel=\"noreferrer noopener\"><img loading=\"lazy\" decoding=\"async\" width=\"1024\" height=\"683\" src=\"https:\/\/www.minimaniacalpin.fr\/version3\/wp-content\/uploads\/2019\/04\/file0094553-1024x683.jpg\" alt=\"\" class=\"wp-image-93\" srcset=\"https:\/\/www.minimaniacalpin.fr\/version3\/wp-content\/uploads\/2019\/04\/file0094553-1024x683.jpg 1024w, https:\/\/www.minimaniacalpin.fr\/version3\/wp-content\/uploads\/2019\/04\/file0094553-300x200.jpg 300w, https:\/\/www.minimaniacalpin.fr\/version3\/wp-content\/uploads\/2019\/04\/file0094553-768x512.jpg 768w, https:\/\/www.minimaniacalpin.fr\/version3\/wp-content\/uploads\/2019\/04\/file0094553-405x270.jpg 405w\" sizes=\"auto, (max-width: 1024px) 100vw, 1024px\" \/><\/a><figcaption class=\"wp-element-caption\">Circuit du TCS, Suisse<\/figcaption><\/figure>\n\n\n\n<figure class=\"wp-block-image\"><a href=\"https:\/\/www.minimaniacalpin.fr\/version3\/wp-content\/uploads\/2019\/04\/file033066.jpg\" target=\"_blank\" rel=\"noreferrer noopener\"><img loading=\"lazy\" decoding=\"async\" width=\"1024\" height=\"678\" src=\"https:\/\/www.minimaniacalpin.fr\/version3\/wp-content\/uploads\/2019\/04\/file033066-1024x678.jpg\" alt=\"\" class=\"wp-image-94\" srcset=\"https:\/\/www.minimaniacalpin.fr\/version3\/wp-content\/uploads\/2019\/04\/file033066-1024x678.jpg 1024w, https:\/\/www.minimaniacalpin.fr\/version3\/wp-content\/uploads\/2019\/04\/file033066-300x199.jpg 300w, https:\/\/www.minimaniacalpin.fr\/version3\/wp-content\/uploads\/2019\/04\/file033066-768x508.jpg 768w, https:\/\/www.minimaniacalpin.fr\/version3\/wp-content\/uploads\/2019\/04\/file033066-408x270.jpg 408w, https:\/\/www.minimaniacalpin.fr\/version3\/wp-content\/uploads\/2019\/04\/file033066.jpg 1632w\" sizes=\"auto, (max-width: 1024px) 100vw, 1024px\" \/><\/a><figcaption class=\"wp-element-caption\">Anderson&rsquo;s Thatched Pub, Irlande<\/figcaption><\/figure>\n\n\n\n<figure class=\"wp-block-image\"><a href=\"blob:http:\/\/www.minimaniacalpin.fr\/e0b0b25a-1ad6-4859-9496-988406e0b8de\" target=\"_blank\" rel=\"noreferrer noopener\"><img loading=\"lazy\" decoding=\"async\" width=\"1024\" height=\"680\" src=\"https:\/\/www.minimaniacalpin.fr\/version3\/wp-content\/uploads\/2019\/04\/file0105333-1024x680.jpg\" alt=\"\" class=\"wp-image-96\" srcset=\"https:\/\/www.minimaniacalpin.fr\/version3\/wp-content\/uploads\/2019\/04\/file0105333-1024x680.jpg 1024w, https:\/\/www.minimaniacalpin.fr\/version3\/wp-content\/uploads\/2019\/04\/file0105333-300x199.jpg 300w, https:\/\/www.minimaniacalpin.fr\/version3\/wp-content\/uploads\/2019\/04\/file0105333-768x510.jpg 768w, https:\/\/www.minimaniacalpin.fr\/version3\/wp-content\/uploads\/2019\/04\/file0105333-407x270.jpg 407w\" sizes=\"auto, (max-width: 1024px) 100vw, 1024px\" \/><\/a><figcaption class=\"wp-element-caption\">Circuit du Mugello, Italie<\/figcaption><\/figure>\n\n\n\n<figure class=\"wp-block-image\"><a href=\"blob:http:\/\/www.minimaniacalpin.fr\/f5b8391d-ecf1-4dde-84dc-424103b59e04\" target=\"_blank\" rel=\"noreferrer noopener\"><img loading=\"lazy\" decoding=\"async\" width=\"1024\" height=\"683\" src=\"https:\/\/www.minimaniacalpin.fr\/version3\/wp-content\/uploads\/2019\/04\/file0147732-1024x683.jpg\" alt=\"\" class=\"wp-image-97\" srcset=\"https:\/\/www.minimaniacalpin.fr\/version3\/wp-content\/uploads\/2019\/04\/file0147732-1024x683.jpg 1024w, https:\/\/www.minimaniacalpin.fr\/version3\/wp-content\/uploads\/2019\/04\/file0147732-300x200.jpg 300w, https:\/\/www.minimaniacalpin.fr\/version3\/wp-content\/uploads\/2019\/04\/file0147732-768x513.jpg 768w, https:\/\/www.minimaniacalpin.fr\/version3\/wp-content\/uploads\/2019\/04\/file0147732-405x270.jpg 405w\" sizes=\"auto, (max-width: 1024px) 100vw, 1024px\" \/><\/a><figcaption class=\"wp-element-caption\">Paddy Hopkirk &amp; Kiki, IMM 2019, Angleterre<\/figcaption><\/figure>\n\n\n\n<figure class=\"wp-block-image\"><a href=\"https:\/\/www.minimaniacalpin.fr\/version3\/wp-content\/uploads\/2019\/04\/phil242_20120318205447.jpg\" target=\"_blank\" rel=\"noreferrer noopener\"><img loading=\"lazy\" decoding=\"async\" width=\"730\" height=\"548\" src=\"https:\/\/www.minimaniacalpin.fr\/version3\/wp-content\/uploads\/2019\/04\/phil242_20120318205447.jpg\" alt=\"\" class=\"wp-image-111\" srcset=\"https:\/\/www.minimaniacalpin.fr\/version3\/wp-content\/uploads\/2019\/04\/phil242_20120318205447.jpg 730w, https:\/\/www.minimaniacalpin.fr\/version3\/wp-content\/uploads\/2019\/04\/phil242_20120318205447-300x225.jpg 300w, https:\/\/www.minimaniacalpin.fr\/version3\/wp-content\/uploads\/2019\/04\/phil242_20120318205447-360x270.jpg 360w\" sizes=\"auto, (max-width: 730px) 100vw, 730px\" \/><\/a><figcaption class=\"wp-element-caption\">Balade dans le Vercors, Is\u00e8re<\/figcaption><\/figure>\n\n\n\n<figure class=\"wp-block-image\"><a href=\"https:\/\/www.minimaniacalpin.fr\/version3\/wp-content\/uploads\/2019\/04\/DSC6468.jpg\" target=\"_blank\" rel=\"noreferrer noopener\"><img loading=\"lazy\" decoding=\"async\" width=\"1024\" height=\"683\" src=\"https:\/\/www.minimaniacalpin.fr\/version3\/wp-content\/uploads\/2019\/04\/DSC6468-1024x683.jpg\" alt=\"\" class=\"wp-image-98\" srcset=\"https:\/\/www.minimaniacalpin.fr\/version3\/wp-content\/uploads\/2019\/04\/DSC6468-1024x683.jpg 1024w, https:\/\/www.minimaniacalpin.fr\/version3\/wp-content\/uploads\/2019\/04\/DSC6468-300x200.jpg 300w, https:\/\/www.minimaniacalpin.fr\/version3\/wp-content\/uploads\/2019\/04\/DSC6468-768x513.jpg 768w, https:\/\/www.minimaniacalpin.fr\/version3\/wp-content\/uploads\/2019\/04\/DSC6468-405x270.jpg 405w, https:\/\/www.minimaniacalpin.fr\/version3\/wp-content\/uploads\/2019\/04\/DSC6468.jpg 1918w\" sizes=\"auto, (max-width: 1024px) 100vw, 1024px\" \/><\/a><figcaption class=\"wp-element-caption\">Le Sauze du Lac, Hautes-Alpes <\/figcaption><\/figure>\n\n\n\n<figure class=\"wp-block-image\"><a href=\"https:\/\/www.minimaniacalpin.fr\/version3\/wp-content\/uploads\/2019\/04\/P1040553.jpg\" target=\"_blank\" rel=\"noreferrer noopener\"><img loading=\"lazy\" decoding=\"async\" width=\"730\" height=\"547\" src=\"https:\/\/www.minimaniacalpin.fr\/version3\/wp-content\/uploads\/2019\/04\/P1040553.jpg\" alt=\"\" class=\"wp-image-102\" srcset=\"https:\/\/www.minimaniacalpin.fr\/version3\/wp-content\/uploads\/2019\/04\/P1040553.jpg 730w, https:\/\/www.minimaniacalpin.fr\/version3\/wp-content\/uploads\/2019\/04\/P1040553-300x225.jpg 300w, https:\/\/www.minimaniacalpin.fr\/version3\/wp-content\/uploads\/2019\/04\/P1040553-360x270.jpg 360w\" sizes=\"auto, (max-width: 730px) 100vw, 730px\" \/><\/a><figcaption class=\"wp-element-caption\">Journ\u00e9e m\u00e9canique chez Fanfou\u00e9<\/figcaption><\/figure>\n\n\n\n<figure class=\"wp-block-image\"><a href=\"https:\/\/www.minimaniacalpin.fr\/version3\/wp-content\/uploads\/2019\/04\/file0078333.jpg\" target=\"_blank\" rel=\"noreferrer noopener\"><img loading=\"lazy\" decoding=\"async\" width=\"1024\" height=\"683\" src=\"https:\/\/www.minimaniacalpin.fr\/version3\/wp-content\/uploads\/2019\/04\/file0078333-1024x683.jpg\" alt=\"\" class=\"wp-image-99\" srcset=\"https:\/\/www.minimaniacalpin.fr\/version3\/wp-content\/uploads\/2019\/04\/file0078333-1024x683.jpg 1024w, https:\/\/www.minimaniacalpin.fr\/version3\/wp-content\/uploads\/2019\/04\/file0078333-300x200.jpg 300w, https:\/\/www.minimaniacalpin.fr\/version3\/wp-content\/uploads\/2019\/04\/file0078333-768x512.jpg 768w, https:\/\/www.minimaniacalpin.fr\/version3\/wp-content\/uploads\/2019\/04\/file0078333-405x270.jpg 405w\" sizes=\"auto, (max-width: 1024px) 100vw, 1024px\" \/><\/a><figcaption class=\"wp-element-caption\">Visite de la Brasserie du Mont Blanc \u00e0 Chamb\u00e9ry, Savoie<\/figcaption><\/figure>\n\n\n\n<figure class=\"wp-block-image\"><a href=\"blob:http:\/\/www.minimaniacalpin.fr\/3dadaae3-4dfc-421f-a86d-60bdaeead69f\" target=\"_blank\" rel=\"noreferrer noopener\"><img loading=\"lazy\" decoding=\"async\" width=\"1024\" height=\"683\" src=\"https:\/\/www.minimaniacalpin.fr\/version3\/wp-content\/uploads\/2019\/04\/file0139172-1024x683.jpg\" alt=\"\" class=\"wp-image-100\" srcset=\"https:\/\/www.minimaniacalpin.fr\/version3\/wp-content\/uploads\/2019\/04\/file0139172-1024x683.jpg 1024w, https:\/\/www.minimaniacalpin.fr\/version3\/wp-content\/uploads\/2019\/04\/file0139172-300x200.jpg 300w, https:\/\/www.minimaniacalpin.fr\/version3\/wp-content\/uploads\/2019\/04\/file0139172-768x513.jpg 768w, https:\/\/www.minimaniacalpin.fr\/version3\/wp-content\/uploads\/2019\/04\/file0139172-405x270.jpg 405w\" sizes=\"auto, (max-width: 1024px) 100vw, 1024px\" \/><\/a><figcaption class=\"wp-element-caption\">D\u00e9part du Mini Winter Rally, Suisse<\/figcaption><\/figure>\n\n\n\n<figure class=\"wp-block-image\"><a href=\"https:\/\/www.minimaniacalpin.fr\/version3\/wp-content\/uploads\/2019\/04\/DSC5195.jpg\" target=\"_blank\" rel=\"noreferrer noopener\"><img loading=\"lazy\" decoding=\"async\" width=\"1024\" height=\"598\" src=\"https:\/\/www.minimaniacalpin.fr\/version3\/wp-content\/uploads\/2019\/04\/DSC5195-1024x598.jpg\" alt=\"\" class=\"wp-image-101\" srcset=\"https:\/\/www.minimaniacalpin.fr\/version3\/wp-content\/uploads\/2019\/04\/DSC5195-1024x598.jpg 1024w, https:\/\/www.minimaniacalpin.fr\/version3\/wp-content\/uploads\/2019\/04\/DSC5195-300x175.jpg 300w, https:\/\/www.minimaniacalpin.fr\/version3\/wp-content\/uploads\/2019\/04\/DSC5195-768x449.jpg 768w, https:\/\/www.minimaniacalpin.fr\/version3\/wp-content\/uploads\/2019\/04\/DSC5195-462x270.jpg 462w, https:\/\/www.minimaniacalpin.fr\/version3\/wp-content\/uploads\/2019\/04\/DSC5195.jpg 2048w\" sizes=\"auto, (max-width: 1024px) 100vw, 1024px\" \/><\/a><figcaption class=\"wp-element-caption\">En convoi sur la route de la Belgique<\/figcaption><\/figure>\n","protected":false},"excerpt":{"rendered":"<p>Le Mini Maniac Alpin est une association \u00ab\u00a0loi 1901\u00a0\u00bb rassemblant les passionn\u00e9s d&rsquo;anciennes Mini et de ses d\u00e9riv\u00e9es. Le but de l&rsquo;association est d&rsquo;organiser des sorties afin de faire rouler nos autos dans de bonnes conditions, en proposant un encadrement ad\u00e9quat. Les sorties peuvent aller de la simple balade d&rsquo;une demi-journ\u00e9e, au voyage durant 3 semaines et traversant plusieurs pays. Les caprices de nos anciennes nous menant quelque fois la vie dure, l&rsquo;entraide entre tous les membres prend tout son&#8230;<\/p>\n<p class=\"read-more\"><a class=\"btn btn-default\" href=\"https:\/\/www.minimaniacalpin.fr\/version3\/index.php\/le-club\/informations\/\">Lire la suite<span class=\"screen-reader-text\"> Lire la suite<\/span><\/a><\/p>\n","protected":false},"author":1,"featured_media":0,"parent":19,"menu_order":0,"comment_status":"closed","ping_status":"closed","template":"","meta":{"footnotes":""},"class_list":["post-22","page","type-page","status-publish","hentry"],"_links":{"self":[{"href":"https:\/\/www.minimaniacalpin.fr\/version3\/index.php\/wp-json\/wp\/v2\/pages\/22","targetHints":{"allow":["GET"]}}],"collection":[{"href":"https:\/\/www.minimaniacalpin.fr\/version3\/index.php\/wp-json\/wp\/v2\/pages"}],"about":[{"href":"https:\/\/www.minimaniacalpin.fr\/version3\/index.php\/wp-json\/wp\/v2\/types\/page"}],"author":[{"embeddable":true,"href":"https:\/\/www.minimaniacalpin.fr\/version3\/index.php\/wp-json\/wp\/v2\/users\/1"}],"replies":[{"embeddable":true,"href":"https:\/\/www.minimaniacalpin.fr\/version3\/index.php\/wp-json\/wp\/v2\/comments?post=22"}],"version-history":[{"count":27,"href":"https:\/\/www.minimaniacalpin.fr\/version3\/index.php\/wp-json\/wp\/v2\/pages\/22\/revisions"}],"predecessor-version":[{"id":657,"href":"https:\/\/www.minimaniacalpin.fr\/version3\/index.php\/wp-json\/wp\/v2\/pages\/22\/revisions\/657"}],"up":[{"embeddable":true,"href":"https:\/\/www.minimaniacalpin.fr\/version3\/index.php\/wp-json\/wp\/v2\/pages\/19"}],"wp:attachment":[{"href":"https:\/\/www.minimaniacalpin.fr\/version3\/index.php\/wp-json\/wp\/v2\/media?parent=22"}],"curies":[{"name":"wp","href":"https:\/\/api.w.org\/{rel}","templated":true}]}}